{"id":5141,"date":"2026-01-15T20:24:12","date_gmt":"2026-01-15T13:24:12","guid":{"rendered":"https:\/\/b2licious.com\/?page_id=5141"},"modified":"2026-01-15T20:43:52","modified_gmt":"2026-01-15T13:43:52","slug":"mandarin-music-video","status":"publish","type":"page","link":"https:\/\/b2licious.com\/?page_id=5141","title":{"rendered":"Mandarin Music Video"},"content":{"rendered":"\n<figure class=\"wp-block-embed is-type-video is-provider-youtube wp-block-embed-youtube wp-embed-aspect-16-9 wp-has-aspect-ratio\"><div class=\"wp-block-embed__wrapper\">\n<iframe loading=\"lazy\" title=\"\u6c92\u6709\u7406\u7531 (No Reason) \u2014Ryan.B MV COVER\" width=\"1340\" height=\"754\" src=\"https:\/\/www.youtube.com\/embed\/3s2waoWY3Yg?feature=oembed\" frameborder=\"0\" allow=\"accelerometer; autoplay; clipboard-write; encrypted-media; gyroscope; picture-in-picture; web-share\" referrerpolicy=\"strict-origin-when-cross-origin\" allowfullscreen><\/iframe>\n<\/div><\/figure>\n\n\n\n<p><\/p>\n\n\n\n<figure class=\"wp-block-embed is-type-video is-provider-youtube wp-block-embed-youtube wp-embed-aspect-16-9 wp-has-aspect-ratio\"><div class=\"wp-block-embed__wrapper\">\n<iframe loading=\"lazy\" title=\"MV XII-B2 \u8bf7\u4f60\u5f00\u5fc3\u4e00\u70b9 | Q\u01d0ng n\u01d0 k\u0101ix\u012bn y\u012bdi\u01cen | Tolong Bahagialah Sedikit\" width=\"1340\" height=\"754\" src=\"https:\/\/www.youtube.com\/embed\/9BsfJtlUrNs?feature=oembed\" frameborder=\"0\" allow=\"accelerometer; autoplay; clipboard-write; encrypted-media; gyroscope; picture-in-picture; web-share\" referrerpolicy=\"strict-origin-when-cross-origin\" allowfullscreen><\/iframe>\n<\/div><\/figure>\n\n\n\n<p><\/p>\n\n\n\n<figure class=\"wp-block-embed is-type-video is-provider-youtube wp-block-embed-youtube wp-embed-aspect-16-9 wp-has-aspect-ratio\"><div class=\"wp-block-embed__wrapper\">\n<iframe loading=\"lazy\" title=\"Zhen Xin Ying Xiong\uff08\u771f\u5fc3\u82f1\u96c4)\ud83e\udef6\ud83c\udffb -XIIB2 chelsea, elen, faith, gaby rosa, pauline \ud83d\udc96\u270a\ud83c\udffb\" width=\"1340\" height=\"754\" src=\"https:\/\/www.youtube.com\/embed\/K3SgkZ0RNtM?feature=oembed\" frameborder=\"0\" allow=\"accelerometer; autoplay; clipboard-write; encrypted-media; gyroscope; picture-in-picture; web-share\" referrerpolicy=\"strict-origin-when-cross-origin\" allowfullscreen><\/iframe>\n<\/div><\/figure>\n\n\n\n<p><\/p>\n\n\n\n<figure class=\"wp-block-embed is-type-video is-provider-youtube wp-block-embed-youtube wp-embed-aspect-4-3 wp-has-aspect-ratio\"><div class=\"wp-block-embed__wrapper\">\n<iframe loading=\"lazy\" title=\"MV MANDARIN KEL 4\" width=\"1333\" height=\"1000\" src=\"https:\/\/www.youtube.com\/embed\/Rz8gduW5tFo?feature=oembed\" frameborder=\"0\" allow=\"accelerometer; autoplay; clipboard-write; encrypted-media; gyroscope; picture-in-picture; web-share\" referrerpolicy=\"strict-origin-when-cross-origin\" allowfullscreen><\/iframe>\n<\/div><\/figure>\n\n\n\n<p><\/p>\n\n\n\n<figure class=\"wp-block-embed is-type-video is-provider-youtube wp-block-embed-youtube wp-embed-aspect-16-9 wp-has-aspect-ratio\"><div class=\"wp-block-embed__wrapper\">\n<iframe loading=\"lazy\" title=\"\u6cbb\u6108\u4e16\u754c (Heal the World) \u2014 Michael Jackson\" width=\"1340\" height=\"754\" src=\"https:\/\/www.youtube.com\/embed\/XVv9e8KiR6g?feature=oembed\" frameborder=\"0\" allow=\"accelerometer; autoplay; clipboard-write; encrypted-media; gyroscope; picture-in-picture; web-share\" referrerpolicy=\"strict-origin-when-cross-origin\" allowfullscreen><\/iframe>\n<\/div><\/figure>\n\n\n\n<p><\/p>\n\n\n\n<figure class=\"wp-block-embed is-type-video is-provider-youtube wp-block-embed-youtube wp-embed-aspect-16-9 wp-has-aspect-ratio\"><div class=\"wp-block-embed__wrapper\">\n<iframe loading=\"lazy\" title=\"FREEDOM (\u7ec8\u4e8e\u4e86\u89e3\u81ea\u7531) - Eric Chou (\u5468\u5174\u54f2)\" width=\"1340\" height=\"754\" src=\"https:\/\/www.youtube.com\/embed\/CXDsOdYayw4?feature=oembed\" frameborder=\"0\" allow=\"accelerometer; autoplay; clipboard-write; encrypted-media; gyroscope; picture-in-picture; web-share\" referrerpolicy=\"strict-origin-when-cross-origin\" allowfullscreen><\/iframe>\n<\/div><\/figure>\n\n\n\n<p><\/p>\n","protected":false},"excerpt":{"rendered":"","protected":false},"author":1,"featured_media":4785,"parent":0,"menu_order":0,"comment_status":"closed","ping_status":"closed","template":"","meta":{"_acf_changed":false,"footnotes":""},"class_list":["post-5141","page","type-page","status-publish","has-post-thumbnail","hentry"],"acf":{"choi\u0441e_menu_page":"global_settings","full_width":false,"header_transparent":false,"header_white":false,"menu_type_page":"default","menu_align_page":"default"},"_links":{"self":[{"href":"https:\/\/b2licious.com\/index.php?rest_route=\/wp\/v2\/pages\/5141","targetHints":{"allow":["GET"]}}],"collection":[{"href":"https:\/\/b2licious.com\/index.php?rest_route=\/wp\/v2\/pages"}],"about":[{"href":"https:\/\/b2licious.com\/index.php?rest_route=\/wp\/v2\/types\/page"}],"author":[{"embeddable":true,"href":"https:\/\/b2licious.com\/index.php?rest_route=\/wp\/v2\/users\/1"}],"replies":[{"embeddable":true,"href":"https:\/\/b2licious.com\/index.php?rest_route=%2Fwp%2Fv2%2Fcomments&post=5141"}],"version-history":[{"count":2,"href":"https:\/\/b2licious.com\/index.php?rest_route=\/wp\/v2\/pages\/5141\/revisions"}],"predecessor-version":[{"id":5149,"href":"https:\/\/b2licious.com\/index.php?rest_route=\/wp\/v2\/pages\/5141\/revisions\/5149"}],"wp:featuredmedia":[{"embeddable":true,"href":"https:\/\/b2licious.com\/index.php?rest_route=\/wp\/v2\/media\/4785"}],"wp:attachment":[{"href":"https:\/\/b2licious.com\/index.php?rest_route=%2Fwp%2Fv2%2Fmedia&parent=5141"}],"curies":[{"name":"wp","href":"https:\/\/api.w.org\/{rel}","templated":true}]}}